
{"id":117,"date":"2019-10-16T22:20:07","date_gmt":"2019-10-16T21:20:07","guid":{"rendered":"https:\/\/poids-plume.fr\/?page_id=117"},"modified":"2022-09-30T08:55:08","modified_gmt":"2022-09-30T07:55:08","slug":"recommandations-diverses-pour-les-pese-mesanges","status":"publish","type":"page","link":"https:\/\/poids-plume.fr\/index.php\/recommandations-diverses-pour-les-pese-mesanges\/","title":{"rendered":"Recommandations d&#8217;utilisation des mangeoires"},"content":{"rendered":"\n<h2 class=\"wp-block-heading\">Quelques id\u00e9es de positionnement <\/h2>\n\n\n\n<p>O\u00f9 placer un p\u00e8se-m\u00e9sange ? En dehors de la contrainte de la couverture WiFi pour la transmission de donn\u00e9es, il reste pas mal de choix. Rappelez-vous que la mangeoire va prendre des vid\u00e9os: \u00e9vitez-donc le contre-jour direct. Ensuite, il est n\u00e9cessaire que la mangeoire soit hors du sol et environ \u00e0 1.30-2m de hauteur: cela r\u00e9duit les dangers li\u00e9s \u00e0 la pr\u00e9dation (dont les chats, voir ci-dessous), et accessoirement cela permet de ne pas se casser le dos quand on remet des graines. En dehors de ces recommandations, il n&#8217;y pas de r\u00e8gles, mais gardez en t\u00eate les oiseaux appr\u00e9cieront le plus souvent d&#8217;avoir un buisson ou une branche d&#8217;arbre \u00e0 proximit\u00e9: cela leur permettra de s&#8217;y cacher pour manger leur butin.<\/p>\n\n\n\n<p>Quelques id\u00e9es d&#8217;installation en images sont comment\u00e9es ci-dessous, n&#8217;h\u00e9sitez-pas \u00e0 vous en inspirer (et \u00e0 donner votre exemple ou avis en commentaire !).<br><\/p>\n\n\n\n<figure class=\"wp-block-image\"><img loading=\"lazy\" decoding=\"async\" width=\"1024\" height=\"681\" src=\"https:\/\/poids-plume.fr\/wp-content\/uploads\/2019\/10\/IMG0268_small-1024x681.jpg\" alt=\"\" class=\"wp-image-141\" srcset=\"https:\/\/poids-plume.fr\/wp-content\/uploads\/2019\/10\/IMG0268_small-1024x681.jpg 1024w, https:\/\/poids-plume.fr\/wp-content\/uploads\/2019\/10\/IMG0268_small-300x200.jpg 300w, https:\/\/poids-plume.fr\/wp-content\/uploads\/2019\/10\/IMG0268_small-768x511.jpg 768w, https:\/\/poids-plume.fr\/wp-content\/uploads\/2019\/10\/IMG0268_small.jpg 1200w\" sizes=\"auto, (max-width: 1024px) 100vw, 1024px\" \/><figcaption>Ici, la mangeoire est fix\u00e9e sur une planche \u00e0 ~ 1.50 m de hauteur. En plus d&#8217;\u00eatre un peu plus s\u00fbre pour les oiseaux (voir ci-dessous), le syst\u00e8me de la planche permet d&#8217;avoir des vid\u00e9os sympa ou les oiseaux &#8220;attendent leur tour&#8221; avant d&#8217;acc\u00e9der \u00e0 la mangeoire.<\/figcaption><\/figure>\n\n\n\n<figure class=\"wp-block-image\"><img loading=\"lazy\" decoding=\"async\" width=\"1024\" height=\"681\" src=\"https:\/\/poids-plume.fr\/wp-content\/uploads\/2019\/10\/IMG0173_small-1024x681.jpg\" alt=\"\" class=\"wp-image-147\" srcset=\"https:\/\/poids-plume.fr\/wp-content\/uploads\/2019\/10\/IMG0173_small-1024x681.jpg 1024w, https:\/\/poids-plume.fr\/wp-content\/uploads\/2019\/10\/IMG0173_small-300x200.jpg 300w, https:\/\/poids-plume.fr\/wp-content\/uploads\/2019\/10\/IMG0173_small-768x511.jpg 768w, https:\/\/poids-plume.fr\/wp-content\/uploads\/2019\/10\/IMG0173_small.jpg 1200w\" sizes=\"auto, (max-width: 1024px) 100vw, 1024px\" \/><figcaption>Un exemple de montage sur la fourche d&#8217;un arbre. Lors de ce genre de montage, il n\u00e9cessaire de s&#8217;assurer que les chats ne peuvent acc\u00e9der la mangeoire ! Un &#8220;<a href=\"https:\/\/boutique.lpo.fr\/catalogue\/jardin-d-oiseaux\/protection\/systemes-anti-predateurs\/stop-minou?p=0&amp;c=0\" target=\"_blank\" rel=\"noreferrer noopener\" aria-label=\" (opens in a new tab)\">stop-chat<\/a>&#8221; plac\u00e9 sur l&#8217;arbre peut \u00eatre utile.<\/figcaption><\/figure>\n\n\n\n<h2 class=\"wp-block-heading\" id=\"nourriture\">Nourriture<\/h2>\n\n\n\n<p>Que mettre comme nourriture dans la mangeoire ? Les p\u00e8se-m\u00e9sanges ayant un bac en plastique, on y met un peu ce que l&#8217;on veut. Un grand classique des mangeoire est le <strong>tournesol<\/strong> qui est assez consensuel. On peut en acheter partout en jardinerie, mais on pourra pr\u00e9f\u00e9rer les coop\u00e9ratives agricoles qui en vendent souvent \u00e0 meilleur prix. Pas besoin forc\u00e9ment d&#8217;en acheter du pr\u00e9-d\u00e9cortiqu\u00e9, les oiseaux sont tout \u00e0 fait capable d&#8217;ouvrir les graines (voire m\u00eame particuli\u00e8rement dou\u00e9s pour \u00e7a). Par contre, cela fera peut \u00eatre moins de coquilles sur le sol autour de la mangeoire.<\/p>\n\n\n\n<p>Le probl\u00e8me du tournesol, c&#8217;est sa tendance \u00e0 partir tr\u00e8s vite quand la mangeoire est tr\u00e8s active. Un bon compl\u00e9ment, c&#8217;est la <strong>boule de graisse<\/strong> qui elle a tendance \u00e0 durer un peu plus longtemps. Certains oiseaux sont d&#8217;ailleurs assez friand de la graisse, voire seulement int\u00e9ress\u00e9s par \u00e7a (e.g. Rouge-gorges). Une boule de graisse sur un lit de tournesol, c&#8217;est un bon combo pas trop cher et qui fait plaisir \u00e0 tout le monde. Evitez les m\u00e9langes de graines pour oiseaux domestique, qui sont souvent tr\u00e8s chers (les m\u00e9langes de graines pour oiseaux sauvages de mangeoire seraient cependant \u00e0 tester).<\/p>\n\n\n\n<p>Enfin, les <strong>noix<\/strong>\/<strong>noisettes<\/strong> sont particuli\u00e8rement appr\u00e9ci\u00e9es par les pics. Si il vous en reste un fond que personne ne mange, ils se feront un plaisir de vous en d\u00e9lester !<\/p>\n\n\n\n<h2 class=\"wp-block-heading\">S\u00e9curit\u00e9 des oiseaux et sant\u00e9<\/h2>\n\n\n\n<p>Les oiseaux aussi tombent malades ! Au del\u00e0 des maladies tr\u00e8s m\u00e9diatiques mais finalement tr\u00e8s peu observ\u00e9es comme la grippe aviaire, les oiseaux attrapent d&#8217;autres maladies plus communes, mais tout aussi handicapantes ou mortelles. Un exemple classique est la poxvirose ou variole aviaire, qui peut provoquer des excroissances spectaculaires, notamment chez les m\u00e9sanges. Pour en savoir un peu plus sur les sympt\u00f4mes de diverses maladies aviaires, une bonne r\u00e9f\u00e9rence est l&#8217;album photo (en anglais) du <a href=\"https:\/\/www.gardenwildlifehealth.org\/garden-wildlife\/#birds\">Garden Wildlife Health<\/a> association.<\/p>\n\n\n\n<p>Rassurez-vous, ces cas restent relativement rares chez les oiseaux et ne sont pas transmissibles \u00e0 l&#8217;homme. Dans l&#8217;ensemble, les oiseaux b\u00e9n\u00e9ficient \u00e9norm\u00e9ment de l&#8217;apport de nourriture l&#8217;hiver. Les \u00e9tudes scientifique sur le sujet sugg\u00e8rent que si les mangeoires peuvent contribuer \u00e0 une l\u00e9g\u00e8re augmentation de la pr\u00e9sence de maladies chez les oiseaux, ces m\u00eames oiseaux sont en g\u00e9n\u00e9ral en bien meilleure sant\u00e9 (hors \u00e9pid\u00e9mie aviaire de grande ampleur, voir ci-dessous). Bien que nos connaissances sur l&#8217;impact du nourrissage des oiseaux reste parcellaire, certaines m\u00e9thodes simples permettent de r\u00e9duire le risque de propagation de maladies. Les recommandations suivantes sont issues du communiqu\u00e9 de l&#8217;Office Fran\u00e7aise de la Biodiversit\u00e9 (voir <a rel=\"noreferrer noopener\" aria-label=\"ici (opens in a new tab)\" href=\"https:\/\/crbpoinfo.blogspot.com\/2019\/12\/recommandations-dhygiene-pour-le.html\" target=\"_blank\">ici<\/a> et <a href=\"http:\/\/www.oncfs.gouv.fr\/IMG\/pdf\/CP_risques-recommandations-nourrissage-oiseaux-_jardin.pdf\" target=\"_blank\" rel=\"noreferrer noopener\" aria-label=\"ici (opens in a new tab)\">ici<\/a>):<\/p>\n\n\n\n<ul class=\"wp-block-list\"><li>Assurez-vous \u00e0 tout moment que les parties de la mangeoire en contact avec les oiseaux (comme le perchoir) sont propres et d\u00e9pourvues de fientes ou autres r\u00e9sidus. Le bac \u00e0 graine (en plastique), fourni avec la mangeoire peut \u00eatre enlev\u00e9 et nettoy\u00e9. Si votre p\u00e8se-m\u00e9sange est plac\u00e9 sur un plateau, assurez-vous que le plateau soit propre. On peut gratter le bois avec un brosse dure pour \u00e9vacuer tout r\u00e9sidu, et \u00e9ventuellement d\u00e9sinfecter au savon et\/ou \u00e0 l&#8217;eau de javel dilu\u00e9e (attention au perchoir de la mangeoire pendant le nettoyage, qui est rattach\u00e9 \u00e0 un capteur de poids tr\u00e8s sensible !).<\/li><li>Utilisez de la nourriture de bonne qualit\u00e9. Certaines associations naturalistes comme la <a rel=\"noreferrer noopener\" aria-label=\"LPO Is\u00e8re (opens in a new tab)\" href=\"https:\/\/isere.lpo.fr\/2019\/graines-de-tournesol-bio-commandez-avant-le-31-octobre\" target=\"_blank\">LPO Is\u00e8re<\/a> permettent \u00e0 leurs adh\u00e9rents de commander des sacs de graines de tournesol bio de ~20kg pour le nourrissage des oiseaux l&#8217;hiver, \u00e0 des prix int\u00e9ressants. A noter qu&#8217;en France, la plupart des aliments fournis en jardinerie conviennent (parfois \u00e0 un prix astronomique &#8211; pr\u00e9f\u00e9rer les coop\u00e9ratives agricoles pour l&#8217;achat de graines). M\u00eame si la nourriture est de qualit\u00e9, il est important de s&#8217;assurer qu&#8217;elle ne moisisse pas, ni dans son sac de stockage, ni dans la mangeoire elle-m\u00eame. Les graines doivent \u00eatre s\u00e8ches \u00e0 tout moment, et un p\u00e8se-m\u00e9sange bien actif devrait voir tout son stock de graines dispara\u00eetre en un ou deux jours.<\/li><\/ul>\n\n\n\n<p>Enfin, comme apr\u00e8s tout travail avec des animaux sauvages ou domestiques, il est \u00e9galement chaudement recommand\u00e9 de vous laver les mains apr\u00e8s avoir manipul\u00e9 une mangeoire.<\/p>\n\n\n\n<h4 class=\"wp-block-heading\">Epid\u00e9mies et nourrissage au printemps<\/h4>\n\n\n\n<p>Si les oiseaux b\u00e9n\u00e9ficient largement du nourrissage en hiver, le printemps est plus propice \u00e0 la propagation de maladies \u00e0 cause de l&#8217;augmentation de la temp\u00e9rature et de l&#8217;humidit\u00e9. Concentrer les oiseaux autour des mangeoires au printemps, c&#8217;est donc les exposer potentiellement \u00e0 ces \u00e9pid\u00e9mies, qui peuvent \u00eatre de grande ampleur. Par exemple, en dix ans, la population de Verdiers en Grande-Bretagne \u00e0 diminu\u00e9 de moiti\u00e9 a cause d&#8217;une maladie (la <em>Trichomonose<\/em>) qui se <a rel=\"noreferrer noopener\" aria-label=\"transmet aux mangeoires (opens in a new tab)\" href=\"https:\/\/crbpoinfo.blogspot.com\/2019\/12\/recommandations-dhygiene-pour-le.html\" target=\"_blank\">transmet aux mangeoires<\/a> (voir aussi <a rel=\"noreferrer noopener\" aria-label=\"ici (opens in a new tab)\" href=\"http:\/\/crbpoinfo.blogspot.com\/2019\/05\/epidemie-de-trichomonose-au-sein-des.html\" target=\"_blank\">ici<\/a>). <\/p>\n\n\n\n<p>Pour cette raison, on consid\u00e8re que le risque de maladie au printemps d\u00e9passe le potentiel int\u00e9r\u00eat du nourrissage, et il est donc <a rel=\"noreferrer noopener\" aria-label=\"officiellement recommand\u00e9 (opens in a new tab)\" href=\"https:\/\/crbpoinfo.blogspot.com\/2019\/12\/recommandations-dhygiene-pour-le.html\" target=\"_blank\">officiellement recommand\u00e9<\/a> d&#8217;arr\u00eater le nourrissage des oiseaux au printemps (courant  Avril). <\/p>\n\n\n\n<p>Un communiqu\u00e9 de presse de l&#8217;OFB et du Mus\u00e9um d&#8217;histoire naturel de Paris <a href=\"http:\/\/www.oncfs.gouv.fr\/IMG\/pdf\/CP_risques-recommandations-nourrissage-oiseaux-_jardin.pdf\" target=\"_blank\" rel=\"noreferrer noopener\" aria-label=\"rassemble ces informations (opens in a new tab)\">rassemble ces informations<\/a>. <\/p>\n\n\n\n<h2 class=\"wp-block-heading\">S\u00e9curit\u00e9 et pr\u00e9dateurs<\/h2>\n\n\n\n<h3 class=\"wp-block-heading\">Les chats <\/h3>\n\n\n\n<p>Les chats sont malheureusement connus pour \u00eatre des pr\u00e9dateurs sans piti\u00e9 des oiseaux ! Une <a rel=\"noreferrer noopener\" aria-label=\"\u00e9tude (opens in a new tab)\" href=\"https:\/\/www.allaboutbirds.org\/faq-outdoor-cats-and-their-effects-on-birds\/\" target=\"_blank\">\u00e9tude<\/a> r\u00e9alis\u00e9e aux \u00c9tats-Unis estime qu&#8217;ils tueraient chaque ann\u00e9e 1,3 \u00e0 4 milliards d&#8217;oiseaux par an ! (les deux tiers attribu\u00e9s \u00e0 des chats sans propri\u00e9taires). L&#8217;id\u00e9al, lorsque l&#8217;on a une mangeoire au jardin est donc qu&#8217;il n&#8217;y ait pas de chat dans le voisinage. Mais que faire si c&#8217;est le cas ?<\/p>\n\n\n\n<p>Une premi\u00e8re mesure est de ne pas laisser sortir son chat en hiver (si le danger vient du v\u00f4tre), ou le laisser sortir moins r\u00e9guli\u00e8rement. Cela limitera drastiquement les opportunit\u00e9s de chasse. On peut \u00e9galement rajouter au collier du chat une petite clochette qui permettra aux oiseaux d&#8217;\u00eatre avertis de la pr\u00e9sence d&#8217;un pr\u00e9dateur \u00e0 proximit\u00e9.<\/p>\n\n\n\n<p>Le placement de la mangeoire est \u00e9galement primordial. En la pla\u00e7ant \u00e0 plus de trois m\u00e8tres de tout buisson, on peut fortement augmenter la visibilit\u00e9 d&#8217;un chat qui souhaiterait chasser \u00e0 une mangeoire, et permettre donc aux oiseaux de d\u00e9camper \u00e0 temps ! De la m\u00eame mani\u00e8re, en pla\u00e7ant la mangeoire sur un plateau plac\u00e9 \u00e0 au moins un m\u00e8tre cinquante du sol, on peut fortement r\u00e9duire l&#8217;exposition des oiseaux qui viendront moins se poser au sol.<\/p>\n\n\n\n<figure class=\"wp-block-image\"><img loading=\"lazy\" decoding=\"async\" width=\"1024\" height=\"681\" src=\"https:\/\/poids-plume.fr\/wp-content\/uploads\/2019\/10\/IMG0268_small-1024x681.jpg\" alt=\"\" class=\"wp-image-141\" srcset=\"https:\/\/poids-plume.fr\/wp-content\/uploads\/2019\/10\/IMG0268_small-1024x681.jpg 1024w, https:\/\/poids-plume.fr\/wp-content\/uploads\/2019\/10\/IMG0268_small-300x200.jpg 300w, https:\/\/poids-plume.fr\/wp-content\/uploads\/2019\/10\/IMG0268_small-768x511.jpg 768w, https:\/\/poids-plume.fr\/wp-content\/uploads\/2019\/10\/IMG0268_small.jpg 1200w\" sizes=\"auto, (max-width: 1024px) 100vw, 1024px\" \/><figcaption>Un montage int\u00e9ressant: la mangeoire est viss\u00e9e sur un plateau situ\u00e9 \u00e0 ~1,50 m\u00e8tre de hauteur. Le plateau faisant un rebord infranchissable pour les chats,  les oiseaux peuvent s&#8217;y poser avec un risque r\u00e9duit. Les graines qui tombent de la mangeoire atterrissent sur le plateau, et non au sol, ce qui encourage \u00e9galement les oiseaux \u00e0 rester dans une zone plus s\u00fbre.<\/figcaption><\/figure>\n\n\n\n<p>Certains <a rel=\"noreferrer noopener\" aria-label=\"dispositifs (opens in a new tab)\" href=\"https:\/\/boutique.lpo.fr\/catalogue\/jardin-d-oiseaux\/protection\/systemes-anti-predateurs\/stop-minou?p=0&amp;c=0\" target=\"_blank\">dispositifs<\/a> peuvent se montrer \u00e9galement utile pour prot\u00e9ger les mangeoires des chats. <\/p>\n\n\n\n<h3 class=\"wp-block-heading\">Les autres pr\u00e9dateurs<\/h3>\n\n\n\n<p>Il est possible que d&#8217;autres pr\u00e9dateurs soient attir\u00e9s par l&#8217;activit\u00e9 autour des mangeoires. Par exemple, les \u00e9perviers sont des pr\u00e9dateurs assez communs dans les jardins (eux n&#8217;ont cependant pas des croquettes qui les attendent le soir comme les chats). Pour mieux prot\u00e9ger les petits oiseaux, une possibilit\u00e9 est de placer la mangeoire \u00e0 proximit\u00e9 (1-3m) d&#8217;une branche d&#8217;arbre (inaccessible aux chats!): cela permettra aux oiseaux de r\u00e9duire leur temps d&#8217;exposition dans des zones plus ouvertes, o\u00f9 les \u00e9perviers chassent plus facilement.<\/p>\n\n\n\n<h2 class=\"wp-block-heading\">R\u00e9f\u00e9rences<\/h2>\n\n\n\n<p>Lawson, Becki, et al. 2018. \u201cHealth Hazards to Wild Birds and Risk Factors Associated with Anthropogenic Food Provisioning.\u201d <em>Philosophical Transactions of the Royal Society B: Biological Sciences<\/em> 373 (1745): 20170091. <a href=\"https:\/\/doi.org\/10.1098\/rstb.2017.0091\">https:\/\/doi.org\/10.1098\/rstb.2017.0091<\/a>.<\/p>\n\n\n\n<p>Communiqu\u00e9 de presse OFB\/MNHN. Risques et recommandations sanitaires associ\u00e9s au nourrissage des oiseaux des jardins. <a href=\"http:\/\/www.oncfs.gouv.fr\/IMG\/pdf\/CP_risques-recommandations-nourrissage-oiseaux-_jardin.pdf\">http:\/\/www.oncfs.gouv.fr\/IMG\/pdf\/CP_risques-recommandations-nourrissage-oiseaux-_jardin.pdf<\/a><\/p>\n","protected":false},"excerpt":{"rendered":"<p>Quelques id\u00e9es de positionnement O\u00f9 placer un p\u00e8se-m\u00e9sange ? En dehors de la contrainte de la couverture WiFi pour la transmission de donn\u00e9es, il reste pas mal de choix. Rappelez-vous que la mangeoire va prendre des vid\u00e9os: \u00e9vitez-donc le contre-jour direct. Ensuite, il est n\u00e9cessaire que la mangeoire soit hors du sol et environ \u00e0 &hellip; <a href=\"https:\/\/poids-plume.fr\/index.php\/recommandations-diverses-pour-les-pese-mesanges\/\" class=\"more-link\">Continue reading <span class=\"screen-reader-text\">Recommandations d&#8217;utilisation des mangeoires<\/span><\/a><\/p>\n","protected":false},"author":1,"featured_media":0,"parent":0,"menu_order":0,"comment_status":"open","ping_status":"closed","template":"","meta":{"footnotes":""},"class_list":["post-117","page","type-page","status-publish","hentry"],"_links":{"self":[{"href":"https:\/\/poids-plume.fr\/index.php\/wp-json\/wp\/v2\/pages\/117","targetHints":{"allow":["GET"]}}],"collection":[{"href":"https:\/\/poids-plume.fr\/index.php\/wp-json\/wp\/v2\/pages"}],"about":[{"href":"https:\/\/poids-plume.fr\/index.php\/wp-json\/wp\/v2\/types\/page"}],"author":[{"embeddable":true,"href":"https:\/\/poids-plume.fr\/index.php\/wp-json\/wp\/v2\/users\/1"}],"replies":[{"embeddable":true,"href":"https:\/\/poids-plume.fr\/index.php\/wp-json\/wp\/v2\/comments?post=117"}],"version-history":[{"count":36,"href":"https:\/\/poids-plume.fr\/index.php\/wp-json\/wp\/v2\/pages\/117\/revisions"}],"predecessor-version":[{"id":365,"href":"https:\/\/poids-plume.fr\/index.php\/wp-json\/wp\/v2\/pages\/117\/revisions\/365"}],"wp:attachment":[{"href":"https:\/\/poids-plume.fr\/index.php\/wp-json\/wp\/v2\/media?parent=117"}],"curies":[{"name":"wp","href":"https:\/\/api.w.org\/{rel}","templated":true}]}}