
{"id":120,"date":"2019-10-16T15:52:26","date_gmt":"2019-10-16T14:52:26","guid":{"rendered":"https:\/\/poids-plume.fr\/?page_id=120"},"modified":"2022-09-24T23:36:29","modified_gmt":"2022-09-24T22:36:29","slug":"installation-dun-pese-mesange","status":"publish","type":"page","link":"https:\/\/poids-plume.fr\/index.php\/installation-dun-pese-mesange\/","title":{"rendered":"Mise en route d&#8217;une mangeoire Poids-Plume"},"content":{"rendered":"\n<p>\u00c7a y est, vous avez re\u00e7u votre mangeoire ? Que faire ensuite ? Suivez le guide en dix \u00e9tapes. Si c&#8217;est votre premi\u00e8re fois, on ne saurait que trop vous recommander de lire les <a href=\"https:\/\/poids-plume.fr\/index.php\/recommandations-diverses-pour-les-pese-mesanges\/\">recommandations d&#8217;utilisation<\/a> avant de d\u00e9buter: vous en apprendrez plus sur la mani\u00e8re de bien placer une mangeoire dans son jardin afin d&#8217;\u00e9viter les probl\u00e8me de chats, de maladies, et quelques conseils sur la nourriture pour oiseaux \u00e0 utiliser.<\/p>\n\n\n\n<p><span class=\"has-inline-color has-vivid-red-color\"><strong>NOTE IMPORTANTE SUR LES CAPTEURS DE MASSE.<\/strong> La mangeoire comporte un perchoir sous lequel est situ\u00e9 un capteur de masse, qui est une petite barre de m\u00e9tal en aluminium avec de la r\u00e9sine blanche. La plupart du temps, ces capteurs sont donn\u00e9s pour <strong>500g maximum<\/strong>. Toute masse sup\u00e9rieure \u00e0 cela appliqu\u00e9e sur le perchoir peut donc potentiellement d\u00e9grader le capteur voire le rendre totalement inop\u00e9rant. <strong>Il est essentiel de faire attention \u00e0 ce capteur en toute circonstance: les mangeoires sont des instruments de pr\u00e9cision, capables de peser des masses extr\u00eamements faibles !<\/strong> Les plus petites m\u00e9sanges peuvent faire 7 \u00e0 8g. <strong>Appuyer avec les doigts sur le perchoir, c&#8217;est d\u00e9j\u00e0 appliquer une masse trop \u00e9lev\u00e9e ! <\/strong>Si vous souhaitez effectuer un test pour v\u00e9rifier le d\u00e9clenchement de la cam\u00e9ra, une caresse sur le perchoir suffira (vraiment). Assurez-vous donc que cela n&#8217;arrive pas, de votre part, mais \u00e9galement des personnes autour de vous.<\/span><\/p>\n\n\n\n<p>Cette parenth\u00e8se \u00e9tant termin\u00e9e, il ne reste plus qu&#8217;\u00e0 suivre les \u00e9tapes de mise en route !<\/p>\n\n\n\n<h2 class=\"wp-block-heading\">Avant le montage<\/h2>\n\n\n\n<p><strong>1. <\/strong> Il est tr\u00e8s important de passer un coup de <strong>lasure, vernis ou peinture protectrice<\/strong> sur la mangeoire ! Si ce n&#8217;est pas d\u00e9j\u00e0 fais, pensez \u00e0 le faire. Sans \u00e7a, les intemp\u00e9ries vont tordre le bois de la mangeoire, ce qui au mieux est peu esth\u00e9tique, au pire peut la rendre totalement inop\u00e9rante. Pensez-y ! Il faut surtout insister sur l&#8217;ext\u00e9rieur, l&#8217;int\u00e9rieur \u00e9tant par d\u00e9finition un peu moins sujet aux intemp\u00e9ries (attention \u00e0 la cam\u00e9ra et au capteur de poids).<\/p>\n\n\n\n<p><strong>2. Adh\u00e9rez \u00e0 l&#8217;association<\/strong>, ou renouvelez votre adh\u00e9sion. Les mangeoires sont mises \u00e0 disposition par l&#8217;association sous r\u00e9serve d&#8217;une adh\u00e9sion \u00e0 jour. Celle-ci nous permet de couvrir les frais mat\u00e9riel et d&#8217;\u00e9lectricit\u00e9 du projet &#8211; pour assurer sa p\u00e9rennit\u00e9, n&#8217;oubliez-pas ! <\/p>\n\n\n\n<p><strong>3. Inscrivez-vous sur la plateforme d&#8217;acc\u00e8s aux donn\u00e9es<\/strong>. Si ce n&#8217;est pas d\u00e9j\u00e0 fait, il vous faut acc\u00e9der \u00e0 la plateforme en ligne qui permet l&#8217;acc\u00e8s aux mangeoires, <a href=\"https:\/\/data.poids-plume.fr\">https:\/\/data.poids-plume.fr<\/a>. Une inscription est n\u00e9cessaire: si vous ne disposez pas de compte, cliquez sur &#8220;Inscrivez-vous&#8221; en bas de la page d&#8217;accueil. Rentrez vos informations: une demande d&#8217;inscription sera envoy\u00e9e au bureau de l&#8217;association qui validera votre inscription (vous recevrez une confirmation par email lorsque ce sera fait).<\/p>\n\n\n\n<figure class=\"wp-block-image size-large is-style-default\"><img loading=\"lazy\" decoding=\"async\" width=\"975\" height=\"205\" src=\"https:\/\/poids-plume.fr\/wp-content\/uploads\/2021\/12\/Screenshot_20211222_180842.png\" alt=\"\" class=\"wp-image-343\" srcset=\"https:\/\/poids-plume.fr\/wp-content\/uploads\/2021\/12\/Screenshot_20211222_180842.png 975w, https:\/\/poids-plume.fr\/wp-content\/uploads\/2021\/12\/Screenshot_20211222_180842-300x63.png 300w, https:\/\/poids-plume.fr\/wp-content\/uploads\/2021\/12\/Screenshot_20211222_180842-768x161.png 768w\" sizes=\"auto, (max-width: 975px) 100vw, 975px\" \/><figcaption>Liste des mangeoires actives du site<\/figcaption><\/figure>\n\n\n\n<h2 class=\"wp-block-heading\">Montage et installation de la mangeoire<\/h2>\n\n\n\n<p><strong>1. Vissez le toit. <\/strong>Toutes les mangeoires on un toit en plexiglas, qui, \u00e0 d\u00e9faut d&#8217;\u00eatre tr\u00e8s esth\u00e9tique, permet \u00e0 la lumi\u00e8re de passer et donc d&#8217;\u00e9viter (un peu) d&#8217;avoir des vid\u00e9os o\u00f9 les oiseaux sont \u00e0 contre-jour. Quatre vis accrochent le toit au reste de la mangeoire (les vis sont normalement fournies). Il est important que le toit soit solidement attach\u00e9 et d\u00e9borde largement pour \u00e9viter toute infiltration d&#8217;eau qui endommagerait l&#8217;\u00e9lectronique. <\/p>\n\n\n\n<figure class=\"wp-block-image\"><img loading=\"lazy\" decoding=\"async\" width=\"1024\" height=\"681\" src=\"https:\/\/poids-plume.fr\/wp-content\/uploads\/2019\/10\/IMG1601_small-1024x681.jpg\" alt=\"\" class=\"wp-image-164\" srcset=\"https:\/\/poids-plume.fr\/wp-content\/uploads\/2019\/10\/IMG1601_small-1024x681.jpg 1024w, https:\/\/poids-plume.fr\/wp-content\/uploads\/2019\/10\/IMG1601_small-300x200.jpg 300w, https:\/\/poids-plume.fr\/wp-content\/uploads\/2019\/10\/IMG1601_small-768x511.jpg 768w, https:\/\/poids-plume.fr\/wp-content\/uploads\/2019\/10\/IMG1601_small.jpg 1600w\" sizes=\"auto, (max-width: 1024px) 100vw, 1024px\" \/><figcaption>Un toit bien arrim\u00e9<\/figcaption><\/figure>\n\n\n\n<p><strong>2. Fixez la mangeoire. <\/strong>\u00a0Une fois le toit fix\u00e9, vous pouvez fixer votre mangeoire. Contre un mur, sur un poteau, c&#8217;est \u00e0 vous de d\u00e9cider ! Quelques id\u00e9es sont disponibles <a rel=\"noreferrer noopener\" href=\"https:\/\/poids-plume.fr\/mediawiki\/index.php\/Id%C3%A9es_de_montage_et_placement_des_mangeoires\" target=\"_blank\">sur le wiki<\/a>. N&#8217;oubliez-pas de prendre en compte le besoin en alimentation \u00e9lectrique, et la couverture WiFi: les mangeoires n&#8217;aiment pas \u00eatre trop loin de la civilisation (pour l&#8217;instant !).  Un autre imp\u00e9ratif est que la mangeoire a besoin d&#8217;\u00eatre \u00e0 l&#8217;horizontale pour pouvoir peser avec une certaine pr\u00e9cision les oiseaux. <\/p>\n\n\n\n<figure class=\"wp-block-image\"><img loading=\"lazy\" decoding=\"async\" width=\"1024\" height=\"681\" src=\"https:\/\/poids-plume.fr\/wp-content\/uploads\/2019\/10\/IMG0246_small-1024x681.jpg\" alt=\"\" class=\"wp-image-122\" srcset=\"https:\/\/poids-plume.fr\/wp-content\/uploads\/2019\/10\/IMG0246_small-1024x681.jpg 1024w, https:\/\/poids-plume.fr\/wp-content\/uploads\/2019\/10\/IMG0246_small-300x200.jpg 300w, https:\/\/poids-plume.fr\/wp-content\/uploads\/2019\/10\/IMG0246_small-768x511.jpg 768w, https:\/\/poids-plume.fr\/wp-content\/uploads\/2019\/10\/IMG0246_small.jpg 1200w\" sizes=\"auto, (max-width: 1024px) 100vw, 1024px\" \/><figcaption>Un montage sympathique et \u00e9prouv\u00e9: une mangeoire viss\u00e9e sur une planche, elle-m\u00eame viss\u00e9e sur un souche d&#8217;arbre de ~1.5m. Le syst\u00e8me de la planche permet aux oiseaux de se poser avant d&#8217;acc\u00e9der aux graines et parfois &#8220;d&#8217;attendre leur tour&#8221;.<\/figcaption><\/figure>\n\n\n\n<p><strong>3. Branchez le transformateur<\/strong> au c\u00e2ble d&#8217;alimentation USB de la mangeoire. Normalement, un c\u00e2ble noir doit sortir de l&#8217;arri\u00e8re de la mangeoire, dans lequel le chargeur (blanc ou noir) peut se brancher. D&#8217;exp\u00e9rience, le m\u00e9tal de la connexion est parfois apparent \u00e0 cet endroit: il est donc recommand\u00e9 d&#8217;y mettre une petite protection (du scotch \u00e9lectrique par exemple). <\/p>\n\n\n\n<figure class=\"wp-block-image\"><img loading=\"lazy\" decoding=\"async\" width=\"1024\" height=\"681\" src=\"https:\/\/poids-plume.fr\/wp-content\/uploads\/2019\/10\/IMG1603_small-1024x681.jpg\" alt=\"\" class=\"wp-image-165\" srcset=\"https:\/\/poids-plume.fr\/wp-content\/uploads\/2019\/10\/IMG1603_small-1024x681.jpg 1024w, https:\/\/poids-plume.fr\/wp-content\/uploads\/2019\/10\/IMG1603_small-300x200.jpg 300w, https:\/\/poids-plume.fr\/wp-content\/uploads\/2019\/10\/IMG1603_small-768x511.jpg 768w, https:\/\/poids-plume.fr\/wp-content\/uploads\/2019\/10\/IMG1603_small.jpg 1600w\" sizes=\"auto, (max-width: 1024px) 100vw, 1024px\" \/><figcaption>Telle quelle, la rallonge USB (en noir) qui sort de la mangeoire n&#8217;est pas assez profonde pour que le chargeur (en blanc) soit compl\u00e8tement recouvert. Un peu de scotch \u00e9lectrique permettra d&#8217;\u00e9tanch\u00e9ifier dans une certaines mesure le branchement.<\/figcaption><\/figure>\n\n\n\n<p><strong>4. Branchez la prise du transformateur \u00e0 la prise d&#8217;\u00e9lectricit\u00e9<\/strong> (ou de la rallonge le cas \u00e9ch\u00e9ant). Attention \u00e0 bien prot\u00e9ger les contacts \u00e9lectriques des intemp\u00e9ries ! Des bo\u00eetes \u00e9tanches et pas ch\u00e8res (2-10\u20ac) peuvent \u00eatre utilis\u00e9e pour cela (<a rel=\"noreferrer noopener\" aria-label=\"exemple (opens in a new tab)\" href=\"https:\/\/www.gifi.fr\/809200-boitier-de-securite-etanche-a-rallonge-electrique.html\" target=\"_blank\">exemple<\/a>), mais on peut \u00e9galement envisager de fabriquer la sienne \u00e0 partir d&#8217;une bo\u00eete en plastique de bonne qualit\u00e9. Suivant la taille de la bo\u00eete, il peut \u00eatre int\u00e9ressant de mettre la connexion entre le chargeur et l&#8217;alimentation (voir \u00e9tape 3) dans ce bo\u00eetier \u00e9tanche.<\/p>\n\n\n\n<p>La mangeoire devrait maintenant \u00eatre allum\u00e9e ! De l&#8217;ext\u00e9rieur vous ne verrez pas grand chose de diff\u00e9rent, mais en regardant dans le compartiment \u00e9lectronique (le double fond) \u00e0 travers le toit, vous verrez peut \u00eatre une loupiote verte s&#8217;allumer.  La mangeoire va d\u00e9marrer et chercher \u00e0 se connecter au r\u00e9seau Wifi. <\/p>\n\n\n\n<p><strong>5. Param\u00e9trez la connexion Wifi.<\/strong> Si c&#8217;est son premier d\u00e9marrage et que la qu&#8217;elle n&#8217;a jamais \u00e9t\u00e9 param\u00e9tr\u00e9e chez vous, la mangeoire aura besoin de la cl\u00e9 de votre r\u00e9seau wifi. Munissez-vous d&#8217;un smartphone ou d&#8217;un ordinateur et attendez environ une minute apr\u00e8s le d\u00e9marrage: un nouveau r\u00e9seau sans fil devrait devenir disponible, appel\u00e9 &#8220;WiFi Connect&#8221;. Connectez-y-vous, ouvrez votre navigateur et naviguez sur une page web (par exemple, <a rel=\"noreferrer noopener\" aria-label=\" (opens in a new tab)\" href=\"http:\/\/example.com\" target=\"_blank\">http:\/\/example.com<\/a>), vous devriez tomber sur une page vous permettant d&#8217;entrer les param\u00e8tres de votre r\u00e9seau WiFi:<\/p>\n\n\n\n<figure class=\"wp-block-video aligncenter\"><video controls src=\"https:\/\/poids-plume.fr\/wp-content\/uploads\/2019\/10\/simplescreenrecorder-2019-10-16_14.05.34.mp4\"><\/video><figcaption>Manip \u00e0 r\u00e9aliser une fois connect\u00e9 au r\u00e9seau WiFi Connect: (1) naviguer sur un site (n&#8217;importe lequel) pour ouvrir l&#8217;interface de connexion et (2) s\u00e9lectionner le wifi et ins\u00e9rer la cl\u00e9<\/figcaption><\/figure>\n\n\n\n<p><strong>6. Entrez la cl\u00e9 du r\u00e9seau.<\/strong> S\u00e9lectionnez dans le menu d\u00e9roulant le point d&#8217;ac\u00e8s Wifi qui correspond \u00e0 votre connexion, puis entrez la cl\u00e9 de chiffrement. Appuyez sur OK. La mangeoire va red\u00e9marrer: si le point d&#8217;acc\u00e8s &#8220;Wifi Connect&#8221; n&#8217;est plus disponible apr\u00e8s deux-trois minutes, c&#8217;est que la mangeoire est connect\u00e9e ! Regardez dans le double fond \u00e0 travers le toit: normalement la diode verte devrait s&#8217;\u00e9teindre suite \u00e0 un d\u00e9marrage r\u00e9ussi.<\/p>\n\n\n\n<p><strong>7. Mettez des graines<\/strong>. Pour mettre des graines dans la mangeoire, il vous faudra une petite boite en plastique \u00e0 la bonne taille (les bo\u00eetes de <a rel=\"noreferrer noopener\" aria-label=\"St Moret 225g (opens in a new tab)\" href=\"https:\/\/www.google.com\/search?q=saint+moret+225g&amp;hl=en&amp;source=lnms&amp;tbm=isch&amp;sa=X&amp;ved=0ahUKEwi2sfOGm6PlAhX1DmMBHfzCBN0Q_AUIESgB&amp;biw=1600&amp;bih=816#imgrc=nfoKWFAYqwltsM:\" target=\"_blank\">St Moret 225g<\/a> sont pas mal, mais d&#8217;autres conviennent aussi). La bo\u00eete se met dans la &#8220;cavit\u00e9&#8221; form\u00e9e par la mangeoire. Attention, il ne faut pas que la bo\u00eete touche le perchoir o\u00f9 se pose l&#8217;oiseau car cela faussera les mesure de poids! Si besoin, on peut visser la bo\u00eete avec une petite vis \u00e0 la planche en dessous pour qu&#8217;elle reste bien en place. Pour des recommandations sur le type de nourriture \u00e0 mettre, <a href=\"https:\/\/poids-plume.fr\/index.php\/recommandations-diverses-pour-les-pese-mesanges\/#nourriture\">suivez le lien<\/a>.<\/p>\n\n\n\n<p>Si toutes ces \u00e9tapes ont r\u00e9ussi, votre mangeoire est maintenant active ! Rendez-vous sur <a rel=\"noreferrer noopener\" aria-label=\"https:\/\/data.poids-plume.fr (opens in a new tab)\" href=\"https:\/\/data.poids-plume.fr\" target=\"_blank\">https:\/\/data.poids-plume.fr<\/a>. <\/p>\n\n\n\n<p><strong>8. Inscrivez-vous sur le portail d&#8217;acc\u00e8s aux donn\u00e9es.<\/strong> Si vous n&#8217;avez pas de compte sur <a rel=\"noreferrer noopener\" href=\"https:\/\/data.poids-plume.fr\" target=\"_blank\">https:\/\/data.poids-plume.fr<\/a>, il faudra vous en cr\u00e9er un. Inscrivez-vous en renseignant les informations demand\u00e9es. Votre inscription devra ensuite \u00eatre valid\u00e9e par le bureau (souvent tr\u00e8s rapidement). <\/p>\n\n\n\n<p><strong>9. Signez votre contrat pour la saison en cours.<\/strong> Sur la page d&#8217;accueil du portail d&#8217;acc\u00e8s aux donn\u00e9es est pr\u00e9sente une liste des mangeoires actives: votre mangeoire devrait \u00eatre dans cette liste, s\u00fbrement avec une petite \u00e9toile \u00e0 c\u00f4t\u00e9 de son nom qui indique qu&#8217;elle envoie des donn\u00e9es. Cliquez sur la mangeoire. Si vous \u00eates reconnu(e) comme propri\u00e9taire de la mangeoire, alors le site web vous invitera \u00e0 signer votre contrat de mise \u00e0 disposition d&#8217;une mangeoire pour la saison en cours. Suivez simplement le processus, puis valider la signature du contrat. Si le site ne vous invite pas \u00e0 signer votre contrat, alors que vous \u00eates le propri\u00e9taire de la mangeoire, prenez contact avec le bureau pour qu&#8217;il vous inscrive comme tel.<\/p>\n\n\n\n<p><strong>10. Acc\u00e9dez aux donn\u00e9es<\/strong>. Suite \u00e0 la signature de votre contrat, vous devriez alors avoir acc\u00e8s aux donn\u00e9es de votre mangeoire. Bonne observations ! <\/p>\n\n\n\n<figure class=\"wp-block-image\"><img loading=\"lazy\" decoding=\"async\" width=\"1024\" height=\"681\" src=\"https:\/\/poids-plume.fr\/wp-content\/uploads\/2019\/10\/IMG1606_small-1024x681.jpg\" alt=\"\" class=\"wp-image-195\" srcset=\"https:\/\/poids-plume.fr\/wp-content\/uploads\/2019\/10\/IMG1606_small-1024x681.jpg 1024w, https:\/\/poids-plume.fr\/wp-content\/uploads\/2019\/10\/IMG1606_small-300x200.jpg 300w, https:\/\/poids-plume.fr\/wp-content\/uploads\/2019\/10\/IMG1606_small-768x511.jpg 768w, https:\/\/poids-plume.fr\/wp-content\/uploads\/2019\/10\/IMG1606_small.jpg 1600w\" sizes=\"auto, (max-width: 1024px) 100vw, 1024px\" \/><\/figure>\n\n\n\n<h2 class=\"wp-block-heading\">Probl\u00e8mes courants<\/h2>\n\n\n\n<h4 class=\"wp-block-heading\"><strong>Je n&#8217;arrive pas \u00e0 connecter la mangeoire en Wifi !<\/strong> Le point d&#8217;acc\u00e8s &#8220;WiFi connect&#8221; redevient actif m\u00eame en entrant la bonne cl\u00e9 !<\/h4>\n\n\n\n<p>Si la mangeoire n&#8217;arrive pas \u00e0 se connecter \u00e0 votre r\u00e9seau, une possibilit\u00e9 est qu&#8217;elle est plac\u00e9e trop loin de votre routeur (la &#8220;box&#8221;). Essayez d&#8217;abord de red\u00e9marrer (d\u00e9brancher\/rebrancher) la mangeoire deux trois fois afin de relancer une tentative de connexion. Certain routeurs sont parfois un peu capricieux, notamment avec les p\u00e9riph\u00e9riques se connectant pour la premi\u00e8re fois au r\u00e9seau. Assurez-vous \u00e9galement qu&#8217;il n&#8217;est pas n\u00e9cessaire d&#8217;appuyer sur un bouton sur le routeur pour pouvoir se faire connecter un nouveau p\u00e9riph\u00e9rique. Certains on rapport\u00e9 avoir eu des probl\u00e8mes lorsque le mot de passe du wifi comportait des accents &#8211; peut-\u00eatre est-ce votre cas ?<\/p>\n\n\n\n<p>Si cette premi\u00e8re tentative \u00e9choue, essayez de faire la m\u00eame chose \u00e0 proximit\u00e9 de votre routeur: si \u00e7a marche, c&#8217;est probablement que votre mangeoire est plac\u00e9e trop loin et le signal est trop faible pour se connecter au r\u00e9seau. Deux options sont alors possibles: soit vous rapprochez la mangeoire du routeur en la pla\u00e7ant \u00e0 un autre endroit, soit vous utilisez un <a rel=\"noreferrer noopener\" aria-label=\"r\u00e9p\u00e9teur Wifi (opens in a new tab)\" href=\"https:\/\/www.quechoisir.org\/guide-d-achat-repeteur-wi-fi-n44132\/\" target=\"_blank\">r\u00e9p\u00e9teur Wifi<\/a> (<a rel=\"noreferrer noopener\" aria-label=\"20-60\u20ac (opens in a new tab)\" href=\"https:\/\/www.ldlc.com\/recherche\/repeteur-wifi\/\" target=\"_blank\">20-60\u20ac<\/a>), qui va cr\u00e9er un point de relais entre votre mangeoire et votre box, lui permettant donc de transmettre ses donn\u00e9es.<\/p>\n\n\n\n<h4 class=\"wp-block-heading\">Je ne vois aucune donn\u00e9e de ma mangeoire sur https:\/\/data.poids-plume.fr !<br><\/h4>\n\n\n\n<p>Suivant la charge du serveur de traitement de donn\u00e9es, il est possible que les premi\u00e8res donn\u00e9es mettent du temps \u00e0 arriver. Soyez patients ! Comptez parfois 24h avant de voir appara\u00eetre du nouveau sur le site. Si ce n&#8217;est pas le cas, il peut s&#8217;agir d&#8217;un dysfonctionnement &#8211; n&#8217;h\u00e9sitez-pas \u00e0 joindre le bureau (bureau@poids-plume.fr).<\/p>\n\n\n\n<figure class=\"wp-block-video\"><video controls loop muted poster=\"https:\/\/poids-plume.fr\/wp-content\/uploads\/2019\/10\/mpv-shot0002.jpg\" src=\"https:\/\/poids-plume.fr\/wp-content\/uploads\/2019\/10\/18h19m38s-1.mp4\"><\/video><\/figure>\n\n\n\n<p><br><\/p>\n","protected":false},"excerpt":{"rendered":"<p>\u00c7a y est, vous avez re\u00e7u votre mangeoire ? Que faire ensuite ? Suivez le guide en dix \u00e9tapes. Si c&#8217;est votre premi\u00e8re fois, on ne saurait que trop vous recommander de lire les recommandations d&#8217;utilisation avant de d\u00e9buter: vous en apprendrez plus sur la mani\u00e8re de bien placer une mangeoire dans son jardin afin &hellip; <a href=\"https:\/\/poids-plume.fr\/index.php\/installation-dun-pese-mesange\/\" class=\"more-link\">Continue reading <span class=\"screen-reader-text\">Mise en route d&#8217;une mangeoire Poids-Plume<\/span><\/a><\/p>\n","protected":false},"author":1,"featured_media":0,"parent":0,"menu_order":0,"comment_status":"open","ping_status":"closed","template":"","meta":{"footnotes":""},"class_list":["post-120","page","type-page","status-publish","hentry"],"_links":{"self":[{"href":"https:\/\/poids-plume.fr\/index.php\/wp-json\/wp\/v2\/pages\/120","targetHints":{"allow":["GET"]}}],"collection":[{"href":"https:\/\/poids-plume.fr\/index.php\/wp-json\/wp\/v2\/pages"}],"about":[{"href":"https:\/\/poids-plume.fr\/index.php\/wp-json\/wp\/v2\/types\/page"}],"author":[{"embeddable":true,"href":"https:\/\/poids-plume.fr\/index.php\/wp-json\/wp\/v2\/users\/1"}],"replies":[{"embeddable":true,"href":"https:\/\/poids-plume.fr\/index.php\/wp-json\/wp\/v2\/comments?post=120"}],"version-history":[{"count":41,"href":"https:\/\/poids-plume.fr\/index.php\/wp-json\/wp\/v2\/pages\/120\/revisions"}],"predecessor-version":[{"id":363,"href":"https:\/\/poids-plume.fr\/index.php\/wp-json\/wp\/v2\/pages\/120\/revisions\/363"}],"wp:attachment":[{"href":"https:\/\/poids-plume.fr\/index.php\/wp-json\/wp\/v2\/media?parent=120"}],"curies":[{"name":"wp","href":"https:\/\/api.w.org\/{rel}","templated":true}]}}